{"id":15,"date":"2023-08-30T13:09:14","date_gmt":"2023-08-30T11:09:14","guid":{"rendered":"https:\/\/hp-karin-sundermeier.de\/?page_id=15"},"modified":"2026-03-25T20:55:06","modified_gmt":"2026-03-25T19:55:06","slug":"willkommen","status":"publish","type":"page","link":"https:\/\/hp-karin-sundermeier.de\/","title":{"rendered":"Willkommen"},"content":{"rendered":"\n<div style=\"height:30px\" aria-hidden=\"true\" class=\"wp-block-spacer\"><\/div>\n\n\n\n<figure class=\"wp-block-image size-full is-resized\"><img loading=\"lazy\" decoding=\"async\" width=\"865\" height=\"195\" src=\"https:\/\/hp-karin-sundermeier.de\/wp-content\/uploads\/2023\/08\/cropped-Logo_Heilpraktiker_Sundermeier_Hannover.png\" alt=\"\" class=\"wp-image-46\" style=\"width:589px;height:133px\" srcset=\"https:\/\/hp-karin-sundermeier.de\/wp-content\/uploads\/2023\/08\/cropped-Logo_Heilpraktiker_Sundermeier_Hannover.png 865w, https:\/\/hp-karin-sundermeier.de\/wp-content\/uploads\/2023\/08\/cropped-Logo_Heilpraktiker_Sundermeier_Hannover-300x68.png 300w, https:\/\/hp-karin-sundermeier.de\/wp-content\/uploads\/2023\/08\/cropped-Logo_Heilpraktiker_Sundermeier_Hannover-768x173.png 768w\" sizes=\"auto, (max-width: 865px) 100vw, 865px\" \/><\/figure>\n\n\n\n<div style=\"height:100px\" aria-hidden=\"true\" class=\"wp-block-spacer\"><\/div>\n\n\n\n<div class=\"wp-block-group text has-white-color has-text-color has-background has-link-color wp-elements-2b998b565d37961fc6345df574c2b7bf\" style=\"background-color:#347e10a3\"><div class=\"wp-block-group__inner-container is-layout-constrained wp-block-group-is-layout-constrained\">\n<p>Die Website von Karin Sundermeier, Heilpraktikerin, wird \u00fcberarbeitet. Die Praxis ist weiterhin f\u00fcr Sie ge\u00f6ffnet.<\/p>\n\n\n\n<p>Unter 05 11 \u2013 12 35 95 95 k\u00f6nnen Sie einen Termin vereinbaren. <\/p>\n\n\n\n<p>Sprechen Sie bitte auf den Anrufbeantworter.<\/p>\n<\/div><\/div>\n\n\n\n<div style=\"height:120px\" aria-hidden=\"true\" class=\"wp-block-spacer\"><\/div>\n\n\n\n<p class=\"text has-white-color has-text-color has-background has-link-color wp-elements-3438a7e45a05f6467bab56ba4ab2f1e2\" style=\"background-color:#347e10a3\">Karin Sundermeier, Heilpraktikerin, Deisterstra\u00dfe 9, 30449 Hannover<\/p>\n","protected":false},"excerpt":{"rendered":"<p>Die Website von Karin Sundermeier, Heilpraktikerin, wird \u00fcberarbeitet. Die Praxis ist weiterhin f\u00fcr Sie ge\u00f6ffnet. Unter 05 11 \u2013 12 &hellip; <a href=\"https:\/\/hp-karin-sundermeier.de\/\" class=\"more-link\">Continue reading <span class=\"screen-reader-text\">Willkommen<\/span><\/a><\/p>\n","protected":false},"author":1,"featured_media":0,"parent":0,"menu_order":0,"comment_status":"closed","ping_status":"closed","template":"","meta":{"footnotes":""},"class_list":["post-15","page","type-page","status-publish","hentry"],"_links":{"self":[{"href":"https:\/\/hp-karin-sundermeier.de\/index.php?rest_route=\/wp\/v2\/pages\/15","targetHints":{"allow":["GET"]}}],"collection":[{"href":"https:\/\/hp-karin-sundermeier.de\/index.php?rest_route=\/wp\/v2\/pages"}],"about":[{"href":"https:\/\/hp-karin-sundermeier.de\/index.php?rest_route=\/wp\/v2\/types\/page"}],"author":[{"embeddable":true,"href":"https:\/\/hp-karin-sundermeier.de\/index.php?rest_route=\/wp\/v2\/users\/1"}],"replies":[{"embeddable":true,"href":"https:\/\/hp-karin-sundermeier.de\/index.php?rest_route=%2Fwp%2Fv2%2Fcomments&post=15"}],"version-history":[{"count":15,"href":"https:\/\/hp-karin-sundermeier.de\/index.php?rest_route=\/wp\/v2\/pages\/15\/revisions"}],"predecessor-version":[{"id":91,"href":"https:\/\/hp-karin-sundermeier.de\/index.php?rest_route=\/wp\/v2\/pages\/15\/revisions\/91"}],"wp:attachment":[{"href":"https:\/\/hp-karin-sundermeier.de\/index.php?rest_route=%2Fwp%2Fv2%2Fmedia&parent=15"}],"curies":[{"name":"wp","href":"https:\/\/api.w.org\/{rel}","templated":true}]}}